{"id":680,"date":"2020-06-22T13:01:22","date_gmt":"2020-06-22T13:01:22","guid":{"rendered":"https:\/\/kaiserinnen.oeaw.ac.at\/?page_id=680"},"modified":"2021-10-21T14:08:58","modified_gmt":"2021-10-21T14:08:58","slug":"analyses-of-the-material","status":"publish","type":"page","link":"https:\/\/kaiserinnen.oeaw.ac.at\/?page_id=680&lang=en","title":{"rendered":"Analyses of the Material"},"content":{"rendered":"\n<p>In total, the directory comprises <a href=\"https:\/\/kaiserinnen.oeaw.ac.at\/?page_id=63&amp;lang=en\">467 contemporary prints<\/a>, <a href=\"https:\/\/kaiserinnen.oeaw.ac.at\/?page_id=123&amp;lang=en\">145 press reports<\/a> and <a href=\"https:\/\/kaiserinnen.oeaw.ac.at\/?page_id=71&amp;lang=en\">1863 visual sources<\/a>. These data were collected by the editors as part of their research on the role of the empress in the symbolic-ritual constitution of the Holy Roman Empire; initial analyses of the source material can be found in the following presentations and publications resulting from the project.<\/p>\n\n\n\n<p><strong>I. Blog \u201cKaiserin und Reich\u201d by Katrin Keller<\/strong><\/p>\n\n\n\n<div class=\"wp-container-1 wp-block-buttons is-content-justification-right\">\n<div class=\"wp-block-button\"><a class=\"wp-block-button__link has-white-color has-yellow-background-color has-text-color has-background\" href=\"https:\/\/kaiserin.hypotheses.org\" target=\"_blank\" rel=\"noreferrer noopener\">Link to the Blog<\/a><\/div>\n<\/div>\n\n\n\n<p>The blog accompanied the research project from May 2016 to May 2020, presenting source material, research results, relevant publications and information on the research project (e.g. events). The aim was not only to document one&#8217;s own work, but also to draw the interest of research and the public to this topic.<\/p>\n\n\n\n<p><strong>II. Publications<\/strong><\/p>\n\n\n\n<p>Katrin Keller, <em>Die Kaiserin. Reich, Ritual und Dynastie<\/em>, Wien 2021.<\/p>\n\n\n\n<div class=\"wp-container-2 wp-block-buttons is-content-justification-right\">\n<div class=\"wp-block-button\"><a class=\"wp-block-button__link has-purple-background-color has-background\" href=\"https:\/\/www.vandenhoeck-ruprecht-verlage.com\/themen-entdecken\/geschichte\/geschichte-der-fruehen-neuzeit\/56669\/die-kaiserin?c=1541\" target=\"_blank\" rel=\"noreferrer noopener\">OPEN ACCESS<\/a><\/div>\n<\/div>\n\n\n\n<p>Marion Romberg,\u00a0<em>Empresses and Queens in the Courtly Public Sphere from the 17th to the 20th Century<\/em>\u00a0(Reihe \u201eBrill\u2019s Studies on Art, Art History, and Intellectual History\u201c), Leiden 2021: darin 2 Beitr\u00e4ge:\u00a0<em>I. In the Public Eye. Empresses and Queens in Courtly Public Spheres from the 17th to the 20th Century \u2013 An Introduction<\/em>\u00a0(1\u201328) und\u00a0<em>II.2 An Early Modern Empress Consort\u2019s Role in the Courtly Public Sphere: Eleonor Magdalene of Neuburg and her Media Presence in Broadsheets and Medals between 1676 and 1687 <\/em>(71\u2013119)\u00a0<\/p>\n\n\n\n<div class=\"wp-container-3 wp-block-buttons is-content-justification-right\">\n<div class=\"wp-block-button\"><a class=\"wp-block-button__link has-bright-blue-background-color has-background\" href=\"https:\/\/brill.com\/view\/title\/17242\" target=\"_blank\" rel=\"noreferrer noopener\">ACCESS VIA INSTITUTION<\/a><\/div>\n<\/div>\n\n\n\n<p><em>Kaiserin und Reich:&nbsp;Warum Maria Theresia sich 1745 nicht kr\u00f6nen lie\u00df<\/em>, in: Werner Telesko, Sandra Hertel, Stefanie Linsboth (Hg.), Die Repr\u00e4sentation Maria Theresias. Herrschaft und Bildpolitik im Zeitalter der Aufkl\u00e4rung (Schriftenreihe der \u00d6sterreichischen Gesellschaft zur Erforschung des 18. Jahrhunderts 19), Wien-K\u00f6ln-Weimar 2020, 59-68.<\/p>\n\n\n\n<p>Katrin Keller,&nbsp;<em>Gender and Ritual: Crowning Empresses in the Holy Roman Empire<\/em>, in: German History 37 (2019) 2, 172\u2013185 <\/p>\n\n\n\n<div class=\"wp-container-4 wp-block-buttons is-content-justification-right\">\n<div class=\"wp-block-button\"><a class=\"wp-block-button__link has-purple-background-color has-background\" href=\"https:\/\/doi.org\/10.1093\/gerhis\/ghy097\" target=\"_blank\" rel=\"noreferrer noopener\">OPen Access<\/a><\/div>\n<\/div>\n\n\n\n<p>Katrin Keller,&nbsp;<em>Herrscherin, Ausnahme, Mythos. Neue Publikationen zu Maria Theresia,<\/em>in: Zeitschrift f\u00fcr historische Forschung 45 (2018) 1, 83-96<\/p>\n\n\n\n<div class=\"wp-container-5 wp-block-buttons is-content-justification-right\">\n<div class=\"wp-block-button\"><a class=\"wp-block-button__link\" href=\"https:\/\/kaiserinnen.oeaw.ac.at\/wp-content\/uploads\/2020\/07\/2018-Keller-Sammelrezension_Maria-Theresia-ZHF.pdf\" target=\"_blank\" rel=\"noreferrer noopener\">Download<\/a><\/div>\n<\/div>\n\n\n\n<p>Katrin Keller,&nbsp;<em>Les princesses et le Saint-Empire aux XVIe et XVIIe si\u00e8cle<\/em>, in: Falk Bretschneider,&nbsp;Christophe Duhamel (Hg.), Le Saint-Empire. Histoire sociale (XVIe \u2013 XVIIIe si\u00e8cle), Paris 2018, 63-76<\/p>\n\n\n\n<div class=\"wp-container-6 wp-block-buttons is-content-justification-right\">\n<div class=\"wp-block-button\"><a class=\"wp-block-button__link\" href=\"https:\/\/kaiserinnen.oeaw.ac.at\/wp-content\/uploads\/2020\/07\/2018-Keller-Princesses-Saint-Empire.pdf\" target=\"_blank\" rel=\"noreferrer noopener\">Download<\/a><\/div>\n<\/div>\n\n\n\n<p>Bettina Braun \/ Katrin Keller \/ Matthias Schnettger (Hg.),&nbsp;<em>Nur die Frau des Kaisers? Kaiserinnen in der Fr\u00fchen Neuzeit<\/em>&nbsp;(Ver\u00f6ffentlichungen des Instituts f\u00fcr \u00f6sterreichische Geschichtsforschung 64), Wien-K\u00f6ln-Weimar 2016, containing one essay:&nbsp;<em>Frauen und dynastische Herrschaft. Eine Einf\u00fchrung,<\/em> S. 13-26<\/p>\n\n\n\n<div class=\"wp-container-7 wp-block-buttons is-content-justification-right\">\n<div class=\"wp-block-button\"><a class=\"wp-block-button__link\" href=\"https:\/\/kaiserinnen.oeaw.ac.at\/wp-content\/uploads\/2020\/07\/2016-Keller-Nur-Frau-Kaisers-Einleitung.pdf\" target=\"_blank\" rel=\"noreferrer noopener\">Download<\/a><\/div>\n<\/div>\n\n\n\n<p><strong>III. Lectures and Talks<\/strong><\/p>\n\n\n\n<p>Keller, Katrin, and Marion Romberg.\u00a0<em><a rel=\"noreferrer noopener\" target=\"_blank\" href=\"https:\/\/arthist.net\/archive\/33851\/lang=en_US\">Reich und Dynastie. Kaiserinnen in der Druckgrafik des 17. Jh. | Vortrag<\/a><\/em>. RingVO &#8220;Statusfragen: Neue Forschungen zu Herrscherinnen der Fr\u00fchen Neuzeit an der Schnittstelle von Kunst- und Sozialgeschichte,&#8221; Virtuell, Friedrich-Alexander Universit\u00e4t Erlangen-N\u00fcrnberg | 2021<\/p>\n\n\n\n<p>Marion Romberg.&nbsp;<a href=\"https:\/\/marionromberg.eu\/?p=1725\" target=\"_blank\" rel=\"noreferrer noopener\"><em>An Early Modern Empress Consort\u2019s Role in Courtly Public Sphere \u2013 The Forgotten Empress Eleonor Magdalene of Neuburg (1655\u20131720) | Public Lecture<\/em><\/a>. Central European Talks, No.2, University of Alberta, Wirth Institute for Austrian and Central European Studies, Edmonton | 2020<\/p>\n\n\n\n<p>Marion Romberg.&nbsp;<em>Habsburg\u2019s Royal Consorts in the 17th Century | Class Lecture<\/em>. Undergraduate Class \u201eHistory of the Habsburg Dynasty\u201c, organisiert von Professor Joseph F. Patrouch, University of Alberta, Department of History and Classics, University of Alberta, Edmonton | 2020<\/p>\n\n\n\n<p>Katrin Keller, Marion Romberg. Panel&nbsp;<em>The Empress in the Public Eye: Communicating Power around 1700<\/em>&nbsp;(ISECS International Congress on the Enlightenment, Edinburgh, GB) | 2019<\/p>\n\n\n\n<p>Katrin Keller.&nbsp;<em>Die F\u00fcrstin schreibt: Korrespondenzen und dynastische R\u00e4ume&nbsp;<\/em>(Greifswald, Keynote to the conference \u201eKorrespondenznetzwerke protestantischer F\u00fcrstinnen vom 16. Bis zum 18. Jahrhundert\u201c, Universit\u00e4t Greifswald and Alfried-Krupp-Kolleg Greifswald) | 2019<\/p>\n\n\n\n<p>Marion Romberg, Christine Engelke.&nbsp;2 Panels&nbsp;<em>The visual representation of the Empresses from the 17th century till today<\/em>&nbsp;(Kings &amp; Queens Conference 7 &gt;&gt;Ruling Sexualities: Sexuality, Gender and the Crown&lt;&lt;, Royal Studies Network, Winchester, GB) | 2018<\/p>\n\n\n\n<p>Katrin Keller and Marion Romberg.&nbsp;<em>The Toolbox of the Historian: From Complex to Low Level Digital Visualizations of Sources from the Early Modern Times | Public Lecture<\/em>. (Workshop \u201cDigital Perspective: Relationships between Visual and Performing Arts\u201c, Wien) | 2018<\/p>\n\n\n\n<p>Katrin Keller.&nbsp;<em>Ritual und Geschlecht: Die Kaiserinnenkr\u00f6nung im fr\u00fchneuzeitlichen Reich<\/em>.&nbsp;(Historisches Seminar der Ludwig-Maximilians-Universit\u00e4t M\u00fcnchen) | 2018<\/p>\n\n\n\n<p>Katrin Keller.&nbsp;<em>Gedruckt, gemalt, gestochen: Die Kaiserin in fr\u00fchneuzeitlichen Medien&nbsp;<\/em>(Historisches Seminar der Universit\u00e4t Regensburg) | 2017<\/p>\n\n\n\n<p>Katrin Keller.&nbsp;<em>Kaiserin und Reich, oder: Warum Maria Theresia nicht gekr\u00f6nt wurde&nbsp;<\/em>(Internationale Conference \u201eKaiserin Maria Theresia (1717\u20131780). Repr\u00e4sentation und visuelle Kommunikation\u201c, Institut f\u00fcr kunst- und musikhistorische Forschung der \u00d6AW and KHM, Vienna) | 2017<\/p>\n\n\n\n<p>Katrin Keller.&nbsp;<em>Tagungszusammenfassung\/Schlusswort der Tagung \u201eWeibliche Herrschaft im 18. Jahrhundert. Maria Theresia und Katharina die Gro\u00dfe\u201c&nbsp;<\/em>(Historisches Seminar, Mainz) | 2017<\/p>\n","protected":false},"excerpt":{"rendered":"<p>In total, the directory comprises 467 contemporary prints, 145 press reports and 1863 visual sources. These data were collected by the editors as part of their research on the role of the empress in the symbolic-ritual constitution of the Holy Roman Empire; initial analyses of the source material can be found in the following presentations &hellip; <a href=\"https:\/\/kaiserinnen.oeaw.ac.at\/?page_id=680&#038;lang=en\" class=\"more-link\">Continue reading <span class=\"screen-reader-text\">Analyses of the Material<\/span><\/a><\/p>\n","protected":false},"author":2,"featured_media":0,"parent":0,"menu_order":0,"comment_status":"closed","ping_status":"closed","template":"","meta":[],"_links":{"self":[{"href":"https:\/\/kaiserinnen.oeaw.ac.at\/index.php?rest_route=\/wp\/v2\/pages\/680"}],"collection":[{"href":"https:\/\/kaiserinnen.oeaw.ac.at\/index.php?rest_route=\/wp\/v2\/pages"}],"about":[{"href":"https:\/\/kaiserinnen.oeaw.ac.at\/index.php?rest_route=\/wp\/v2\/types\/page"}],"author":[{"embeddable":true,"href":"https:\/\/kaiserinnen.oeaw.ac.at\/index.php?rest_route=\/wp\/v2\/users\/2"}],"replies":[{"embeddable":true,"href":"https:\/\/kaiserinnen.oeaw.ac.at\/index.php?rest_route=%2Fwp%2Fv2%2Fcomments&post=680"}],"version-history":[{"count":10,"href":"https:\/\/kaiserinnen.oeaw.ac.at\/index.php?rest_route=\/wp\/v2\/pages\/680\/revisions"}],"predecessor-version":[{"id":840,"href":"https:\/\/kaiserinnen.oeaw.ac.at\/index.php?rest_route=\/wp\/v2\/pages\/680\/revisions\/840"}],"wp:attachment":[{"href":"https:\/\/kaiserinnen.oeaw.ac.at\/index.php?rest_route=%2Fwp%2Fv2%2Fmedia&parent=680"}],"curies":[{"name":"wp","href":"https:\/\/api.w.org\/{rel}","templated":true}]}}