{"id":541,"date":"2020-05-26T09:39:07","date_gmt":"2020-05-26T09:39:07","guid":{"rendered":"https:\/\/kaiserinnen.oeaw.ac.at\/?page_id=541"},"modified":"2020-05-26T09:50:25","modified_gmt":"2020-05-26T09:50:25","slug":"benutzung-presseberichterstattung","status":"publish","type":"page","link":"https:\/\/kaiserinnen.oeaw.ac.at\/?page_id=541","title":{"rendered":"Benutzung &#8220;Presseberichterstattung&#8221;"},"content":{"rendered":"\n<p>Die Eintr\u00e4ge sind chronologisch nach Jahr absteigend gelistet.<\/p>\n\n\n\n<p>Innerhalb der Sammlung kann eine <strong><a href=\"https:\/\/kaiserinnen.oeaw.ac.at\/?page_id=483\" target=\"_blank\" rel=\"noreferrer noopener\">Volltextsuche<\/a><\/strong> mit deutschen Schlagw\u00f6rtern durchgef\u00fchrt werden. Das verwendete Plugin teachpress ber\u00fccksichtigt in seinem Suchergebnis momentan nur W\u00f6rter in den Bildtitel und Abstracts.<\/p>\n\n\n\n<p>Einen \u00dcberblick \u00fcber Namen, Daten und Ereignisse bietet der \u201e<a href=\"https:\/\/kaiserinnen.oeaw.ac.at\/?page_id=228\" target=\"_blank\" rel=\"noreferrer noopener\"><strong>Stammbaum<\/strong><\/a>\u201c der Kaiserinnen.<\/p>\n\n\n\n<p>Dar\u00fcber hinaus existieren zwei verschiedene Formen von <strong><a href=\"https:\/\/kaiserinnen.oeaw.ac.at\/?page_id=144\" target=\"_blank\" rel=\"noreferrer noopener\">Filtern<\/a><\/strong>:<\/p>\n\n\n\n<p>1) nach Jahr und<br>2) eine Tag-Cloud, die die drei Themenbereiche &#8220;Eheschlie\u00dfung&#8221;, &#8220;Kr\u00f6nung&#8221; und &#8220;Tod&#8221; unterscheidet.<\/p>\n\n\n\n<p>Die zus\u00e4tzlichen Angaben neben Herausgeber, Titel, Ort und Jahr der Zeitungen beziehen sich auf die jeweilige Fundstelle in der Zeitung. Die Blattangabe entspricht der Nummerierung im Bremer Digitalisat.<\/p>\n\n\n\n<p>Der Titel der Zeitung ist mit der entsprechenden Fundstelle verlinkt. Da es sich hierbei nicht um einen Permalink handelt, befindet sich unter \u201eLinks\u201c ebenfalls der Permalink zur Startseite der Zeitung in der Bremer Sammlung.<\/p>\n","protected":false},"excerpt":{"rendered":"<p>Die Eintr\u00e4ge sind chronologisch nach Jahr absteigend gelistet. Innerhalb der Sammlung kann eine Volltextsuche mit deutschen Schlagw\u00f6rtern durchgef\u00fchrt werden. Das verwendete Plugin teachpress ber\u00fccksichtigt in seinem Suchergebnis momentan nur W\u00f6rter in den Bildtitel und Abstracts. Einen \u00dcberblick \u00fcber Namen, Daten und Ereignisse bietet der \u201eStammbaum\u201c der Kaiserinnen. Dar\u00fcber hinaus existieren zwei verschiedene Formen von Filtern: &hellip; <a href=\"https:\/\/kaiserinnen.oeaw.ac.at\/?page_id=541\" class=\"more-link\">Continue reading <span class=\"screen-reader-text\">Benutzung &#8220;Presseberichterstattung&#8221;<\/span><\/a><\/p>\n","protected":false},"author":2,"featured_media":0,"parent":0,"menu_order":0,"comment_status":"closed","ping_status":"closed","template":"","meta":[],"_links":{"self":[{"href":"https:\/\/kaiserinnen.oeaw.ac.at\/index.php?rest_route=\/wp\/v2\/pages\/541"}],"collection":[{"href":"https:\/\/kaiserinnen.oeaw.ac.at\/index.php?rest_route=\/wp\/v2\/pages"}],"about":[{"href":"https:\/\/kaiserinnen.oeaw.ac.at\/index.php?rest_route=\/wp\/v2\/types\/page"}],"author":[{"embeddable":true,"href":"https:\/\/kaiserinnen.oeaw.ac.at\/index.php?rest_route=\/wp\/v2\/users\/2"}],"replies":[{"embeddable":true,"href":"https:\/\/kaiserinnen.oeaw.ac.at\/index.php?rest_route=%2Fwp%2Fv2%2Fcomments&post=541"}],"version-history":[{"count":4,"href":"https:\/\/kaiserinnen.oeaw.ac.at\/index.php?rest_route=\/wp\/v2\/pages\/541\/revisions"}],"predecessor-version":[{"id":552,"href":"https:\/\/kaiserinnen.oeaw.ac.at\/index.php?rest_route=\/wp\/v2\/pages\/541\/revisions\/552"}],"wp:attachment":[{"href":"https:\/\/kaiserinnen.oeaw.ac.at\/index.php?rest_route=%2Fwp%2Fv2%2Fmedia&parent=541"}],"curies":[{"name":"wp","href":"https:\/\/api.w.org\/{rel}","templated":true}]}}