{"id":531,"date":"2020-05-26T09:26:17","date_gmt":"2020-05-26T09:26:17","guid":{"rendered":"https:\/\/kaiserinnen.oeaw.ac.at\/?page_id=531"},"modified":"2020-05-30T11:30:45","modified_gmt":"2020-05-30T11:30:45","slug":"benutzung-zeitgenossische-drucke","status":"publish","type":"page","link":"https:\/\/kaiserinnen.oeaw.ac.at\/?page_id=531","title":{"rendered":"Benutzung &#8220;Zeitgen\u00f6ssische Drucke&#8221;"},"content":{"rendered":"\n<p>Die Eintr\u00e4ge sind chronologisch nach Jahr absteigend gelistet.<\/p>\n\n\n\n<p>Innerhalb jeder der drei Sammlungen kann eine <strong><a rel=\"noreferrer noopener\" href=\"https:\/\/kaiserinnen.oeaw.ac.at\/?page_id=478\" target=\"_blank\">Volltextsuche<\/a><\/strong> mit deutschen Schlagw\u00f6rtern durchgef\u00fchrt werden. Das verwendete Plugin teachpress ber\u00fccksichtigt in seinem Suchergebnis momentan nur Autorennamen und W\u00f6rter in den Bildtitel und Abstracts. <\/p>\n\n\n\n<p>Einen \u00dcberblick \u00fcber Namen, Daten und Ereignisse bietet der \u201e<strong><a href=\"https:\/\/kaiserinnen.oeaw.ac.at\/?page_id=228\" target=\"_blank\" rel=\"noreferrer noopener\">Stammbaum<\/a><\/strong>\u201c der Kaiserinnen.<\/p>\n\n\n\n<p>Dar\u00fcber hinaus existieren drei verschiedene Formen von&nbsp;<strong><a href=\"https:\/\/kaiserinnen.oeaw.ac.at\/?page_id=132\" target=\"_blank\" rel=\"noreferrer noopener\">Filtern<\/a><\/strong>:<\/p>\n\n\n\n<p>1) nach Jahr<br>2) nach Autor und<br>3) eine Tag-Cloud, die die drei Gattungsbegriffe \u201eFlugschrift\u201c, \u201eEinblattdruck\u201c oder \u201eBuch\u201c unterscheidet.<\/p>\n\n\n\n<p>Unter \u201eLinks\u201c erscheint oftmals mehr als eine URL. Sie verweisen auf den Eintrag im \u201eGateway Bayern\u201c bzw. auf Digitalisate aus verschiedenen Bibliotheken. Der Titel des Eintrags ist stets mit der ersten angegebenen URL verlinkt.<\/p>\n","protected":false},"excerpt":{"rendered":"<p>Die Eintr\u00e4ge sind chronologisch nach Jahr absteigend gelistet. Innerhalb jeder der drei Sammlungen kann eine Volltextsuche mit deutschen Schlagw\u00f6rtern durchgef\u00fchrt werden. Das verwendete Plugin teachpress ber\u00fccksichtigt in seinem Suchergebnis momentan nur Autorennamen und W\u00f6rter in den Bildtitel und Abstracts. Einen \u00dcberblick \u00fcber Namen, Daten und Ereignisse bietet der \u201eStammbaum\u201c der Kaiserinnen. Dar\u00fcber hinaus existieren drei &hellip; <a href=\"https:\/\/kaiserinnen.oeaw.ac.at\/?page_id=531\" class=\"more-link\">Continue reading <span class=\"screen-reader-text\">Benutzung &#8220;Zeitgen\u00f6ssische Drucke&#8221;<\/span><\/a><\/p>\n","protected":false},"author":2,"featured_media":0,"parent":0,"menu_order":0,"comment_status":"closed","ping_status":"closed","template":"","meta":[],"_links":{"self":[{"href":"https:\/\/kaiserinnen.oeaw.ac.at\/index.php?rest_route=\/wp\/v2\/pages\/531"}],"collection":[{"href":"https:\/\/kaiserinnen.oeaw.ac.at\/index.php?rest_route=\/wp\/v2\/pages"}],"about":[{"href":"https:\/\/kaiserinnen.oeaw.ac.at\/index.php?rest_route=\/wp\/v2\/types\/page"}],"author":[{"embeddable":true,"href":"https:\/\/kaiserinnen.oeaw.ac.at\/index.php?rest_route=\/wp\/v2\/users\/2"}],"replies":[{"embeddable":true,"href":"https:\/\/kaiserinnen.oeaw.ac.at\/index.php?rest_route=%2Fwp%2Fv2%2Fcomments&post=531"}],"version-history":[{"count":5,"href":"https:\/\/kaiserinnen.oeaw.ac.at\/index.php?rest_route=\/wp\/v2\/pages\/531\/revisions"}],"predecessor-version":[{"id":658,"href":"https:\/\/kaiserinnen.oeaw.ac.at\/index.php?rest_route=\/wp\/v2\/pages\/531\/revisions\/658"}],"wp:attachment":[{"href":"https:\/\/kaiserinnen.oeaw.ac.at\/index.php?rest_route=%2Fwp%2Fv2%2Fmedia&parent=531"}],"curies":[{"name":"wp","href":"https:\/\/api.w.org\/{rel}","templated":true}]}}