{"id":508,"date":"2020-05-22T07:15:49","date_gmt":"2020-05-22T07:15:49","guid":{"rendered":"https:\/\/kaiserinnen.oeaw.ac.at\/?page_id=508"},"modified":"2020-07-04T14:38:12","modified_gmt":"2020-07-04T14:38:12","slug":"grundlegendes-zur-erfassung-und-bereitstellung-des-datenmaterials","status":"publish","type":"page","link":"https:\/\/kaiserinnen.oeaw.ac.at\/?page_id=508","title":{"rendered":"Zur Recherche des visuellen Datenmaterials und Bearbeitungsteam"},"content":{"rendered":"\n<hr class=\"wp-block-separator\"\/>\n\n\n\n<p>Die Recherche wurde zwischen Januar 2018 und Dezember 2019 durchgef\u00fchrt:<\/p>\n\n\n\n<p>1. in&nbsp;<strong>online-Datenbanken&nbsp;<\/strong>wie z. B.<a rel=\"noreferrer noopener\" href=\"https:\/\/www.graphikportal.org\/\" target=\"_blank\">&nbsp;Das Graphikportal<\/a>,&nbsp;<a rel=\"noreferrer noopener\" href=\"http:\/\/www.portraitindex.de\/\" target=\"_blank\">Digitaler Portraitindex<\/a>,&nbsp;<a rel=\"noreferrer noopener\" href=\"https:\/\/www.bildindex.de\/\" target=\"_blank\">Bildindex der Kunst und Architektur<\/a>, dem&nbsp;<a rel=\"noreferrer noopener\" href=\"http:\/\/www.virtuelles-kupferstichkabinett.de\/de\/\" target=\"_blank\">Virtuellen Kupferstichkabinett<\/a>, dem&nbsp;<a rel=\"noreferrer noopener\" href=\"https:\/\/www.bildarchivaustria.at\/\" target=\"_blank\">Bildarchiv Austria<\/a>,&nbsp;<a rel=\"noreferrer noopener\" href=\"http:\/\/www.lostart.de\/Webs\/DE\/LostArt\/Index.html\" target=\"_blank\">LostART<\/a> etc. sowie in interaktiven Katalogen von M\u00fcnzkabinetten wie z. B. jenem der Staatlichen Museen zu&nbsp;<a rel=\"noreferrer noopener\" href=\"https:\/\/ikmk.smb.museum\/home\" target=\"_blank\">Berlin<\/a> und den zahlreichen Museumsdatenbanken wie <a rel=\"noreferrer noopener\" href=\"https:\/\/sammlungenonline.albertina.at\" target=\"_blank\">Albertina<\/a>, <a rel=\"noreferrer noopener\" href=\"https:\/\/www.khm.at\/objektdb\/\" target=\"_blank\">KHM<\/a>, <a rel=\"noreferrer noopener\" href=\"http:\/\/objektkatalog.gnm.de\" target=\"_blank\">GNM<\/a>. Nicht zuletzt wurde auch \u00fcber <a rel=\"noreferrer noopener\" href=\"https:\/\/www.google.at\/?hl=de\" target=\"_blank\">Google<\/a>&nbsp;und&nbsp;<a rel=\"noreferrer noopener\" href=\"https:\/\/commons.wikimedia.org\/wiki\/Hauptseite\" target=\"_blank\">Wikicommons<\/a> zahlreiche Werke gefunden, allerdings ab und an ohne Angabe des Aufbewahrungsortes.<\/p>\n\n\n\n<p>2. in einschl\u00e4giger&nbsp;<strong>Sekund\u00e4rliteratur<\/strong>&nbsp;wie z. B. John Roger Paas,&nbsp;<em>The German Political Broadsheet 1600\u20131700<\/em>, Wolfgang Harms,&nbsp;<em>Deutsche illustrierte Flugbl\u00e4tter des 16. und 17. Jahrhunderts<\/em>, Annelise Stemper,&nbsp;<em>Die Medaillen der Pfalzgrafen und Kurf\u00fcrsten bei Rhein<\/em>&nbsp;etc. und verschiedener Ausstellungskataloge.<\/p>\n\n\n\n<p>3. in\u00a0<strong>Archiven<\/strong>. Die Recherchen trafen in folgenden Museen, Archiven und Bibliotheken dankenswerterweise auf breite Unterst\u00fctzung seitens der Mitarbeiter*innen: Staatsbibliothek und Staatliche Museen (Kupferstichkabinett) zu Berlin, Kunstsammlungen der Veste Coburg,\u00a0\u00a0Staatliche Kunstsammlungen Dresden, Historisches Museum Frankfurt,\u00a0\u00a0Kurpf\u00e4lzisches Museum in Heidelberg, Bayerische Staatsbibliothek und Staatliche Graphische Sammlung in M\u00fcnchen, Germanisches Nationalmuseum in N\u00fcrnberg und in Wien Albertina, Belvedere, Bundesmobilienverwaltung, KHM-Museumsverbund (Abteilungen Gem\u00e4ldegalerie, Kunstkammer, Theatermuseum, Wagenburg), \u00d6sterreichische Nationalbibliothek sowie Wien Museum.<\/p>\n\n\n\n<p>4. Des Weiteren m\u00f6chten wir uns auch f\u00fcr&nbsp;<strong>Hinweise auf Bildquellen bei Kolleg*innen&nbsp;<\/strong>bedanken.<\/p>\n\n\n\n<p><strong>BEARBEITER*INNEN:<\/strong><\/p>\n\n\n\n<p>Die Hauptbearbeiterin Dr. Marion Romberg, die 2017 Teil des FWF-Projektes geworden ist, wurde in ihrer Arbeit durch Vorarbeiten von Dr. Katrin Keller (u.a. Bestand in Wolfenb\u00fcttel), Dr. Ines Peper (03-05\/2020) und drei Praktikanten Thomas Mraz (Teilzeit, 03-04\/2019), Daniel Gunz (07\/2019) und Tim Feind (Teilzeit, 08\/19-01\/20) unterst\u00fctzt.&nbsp;<\/p>\n","protected":false},"excerpt":{"rendered":"<p>Die Recherche wurde zwischen Januar 2018 und Dezember 2019 durchgef\u00fchrt: 1. in&nbsp;online-Datenbanken&nbsp;wie z. B.&nbsp;Das Graphikportal,&nbsp;Digitaler Portraitindex,&nbsp;Bildindex der Kunst und Architektur, dem&nbsp;Virtuellen Kupferstichkabinett, dem&nbsp;Bildarchiv Austria,&nbsp;LostART etc. sowie in interaktiven Katalogen von M\u00fcnzkabinetten wie z. B. jenem der Staatlichen Museen zu&nbsp;Berlin und den zahlreichen Museumsdatenbanken wie Albertina, KHM, GNM. Nicht zuletzt wurde auch \u00fcber Google&nbsp;und&nbsp;Wikicommons zahlreiche Werke &hellip; <a href=\"https:\/\/kaiserinnen.oeaw.ac.at\/?page_id=508\" class=\"more-link\">Continue reading <span class=\"screen-reader-text\">Zur Recherche des visuellen Datenmaterials und Bearbeitungsteam<\/span><\/a><\/p>\n","protected":false},"author":2,"featured_media":0,"parent":0,"menu_order":0,"comment_status":"closed","ping_status":"closed","template":"","meta":[],"_links":{"self":[{"href":"https:\/\/kaiserinnen.oeaw.ac.at\/index.php?rest_route=\/wp\/v2\/pages\/508"}],"collection":[{"href":"https:\/\/kaiserinnen.oeaw.ac.at\/index.php?rest_route=\/wp\/v2\/pages"}],"about":[{"href":"https:\/\/kaiserinnen.oeaw.ac.at\/index.php?rest_route=\/wp\/v2\/types\/page"}],"author":[{"embeddable":true,"href":"https:\/\/kaiserinnen.oeaw.ac.at\/index.php?rest_route=\/wp\/v2\/users\/2"}],"replies":[{"embeddable":true,"href":"https:\/\/kaiserinnen.oeaw.ac.at\/index.php?rest_route=%2Fwp%2Fv2%2Fcomments&post=508"}],"version-history":[{"count":20,"href":"https:\/\/kaiserinnen.oeaw.ac.at\/index.php?rest_route=\/wp\/v2\/pages\/508\/revisions"}],"predecessor-version":[{"id":780,"href":"https:\/\/kaiserinnen.oeaw.ac.at\/index.php?rest_route=\/wp\/v2\/pages\/508\/revisions\/780"}],"wp:attachment":[{"href":"https:\/\/kaiserinnen.oeaw.ac.at\/index.php?rest_route=%2Fwp%2Fv2%2Fmedia&parent=508"}],"curies":[{"name":"wp","href":"https:\/\/api.w.org\/{rel}","templated":true}]}}