{"id":139,"date":"2018-03-05T09:30:58","date_gmt":"2018-03-05T09:30:58","guid":{"rendered":"https:\/\/kaiserinnen.oeaw.ac.at\/?page_id=139"},"modified":"2020-09-11T15:34:29","modified_gmt":"2020-09-11T15:34:29","slug":"139-2","status":"publish","type":"page","link":"https:\/\/kaiserinnen.oeaw.ac.at\/?page_id=139","title":{"rendered":"Impressum"},"content":{"rendered":"<p><strong>Verantwortlich f\u00fcr die Website: <\/strong>Katrin Keller, Marion Romberg<\/p>\n<p><strong>Kontakt:<\/strong><br \/>\nPD Dr. Katrin Keller &#8211; Leiterin des Projektes \u2013 email: <a href=\"mailto:katrin.keller@oeaw.ac.at\">katrin.keller@oeaw.ac.at<\/a><\/p>\n<p>Dr. Marion Romberg &#8211; PostDoc Mitarbeiterin, verantwortlich f\u00fcr die visuellen Quellen und Presseberichterstattung \u2013 email: <a href=\"mailto:marion.romberg@oeaw.ac.at\">marion.romberg@oeaw.ac.at<\/a><\/p>\n<p><strong>Website liegt auf einem Server der \u00d6sterreichischen Akademie der Wissenschaften<\/strong><br \/>\nHollandstrasse 11+13<br \/>\n1020 Wien<br \/>\n\u00d6sterreich<\/p>\n<p><strong>Online seit<\/strong>: 1.1.2018<\/p>\n<p><strong>Disclaimer<\/strong>:<br \/>\nDer Webauftritt des FWF Projektes &#8220;Kaiserin und Reich. Zeremoniell, Medien und Herrschaft 1550 bis 1740\/45&#8221; \u00a0enth\u00e4lt Verkn\u00fcpfungen (\u201aLinks\u2018) zu externen Webseiten. Zum Zeitpunkt der Verlinkung waren auf diesen Seiten keine rechtswidrigen Inhalte erkennbar. Sollten uns derartige Rechtsverletzungen zur Kenntnis gelangen, werden die entsprechenden Links umgehend entfernt.<\/p>\n<p>F\u00fcr die <strong>Cookie-Richtlinie<\/strong> (erstellt mit Hilfe von <a class=\"wpel-icon-right\" href=\"https:\/\/complianz.io\/\" target=\"_blank\" rel=\"noopener noreferrer external\" data-wpel-link=\"external\">Complianz<\/a>) bitte\u00a0<a href=\"https:\/\/kaiserinnen.oeaw.ac.at\/?page_id=406\" target=\"_self\" rel=\"noopener noreferrer\" data-wpel-link=\"internal\">hier<\/a>\u00a0klicken.<\/p>\n<p>F\u00fcr die <strong>Datenschutzerkl\u00e4rung<\/strong> der \u00d6AW bitte <strong><a class=\"wpel-icon-right\" href=\"https:\/\/www.oeaw.ac.at\/oeaw\/datenschutz\/\" target=\"_blank\" rel=\"noopener noreferrer external\" data-wpel-link=\"external\">hier<\/a><\/strong> klicken.<\/p>\n<p><strong>Copyright<\/strong>:<br \/>\nBild in der Kopfzeile: Jakob Heybel, Deckengem\u00e4lde im Kaisersaal in Schloss Alteglofsheim, 1676\/1685: Kaiser Leopold I. und seine Gemahlin Eleonore Magdalena im Kreis von F\u00fcrstinnen und F\u00fcrsten, Fotographin: Marion Romberg, siehe\u00a0<a href=\"http:\/\/erdteilallegorien.univie.ac.at\/erdteilallegorien\/alteglofsheim-regensburg-schloss\" target=\"_blank\" rel=\"noopener noreferrer\">http:\/\/erdteilallegorien.univie.ac.at\/erdteilallegorien\/alteglofsheim-regensburg-schloss<\/a><\/p>\n<p>Gef\u00f6rdert durch den: \u00d6sterreichischen Fonds zur F\u00f6rderung der wissenschaftlichen Forschung (<a href=\"https:\/\/www.fwf.ac.at\/de\/\" target=\"_blank\" rel=\"noopener noreferrer\">FWF<\/a>)<\/p>\n<p><img loading=\"lazy\" class=\"alignnone size-medium wp-image-114\" src=\"https:\/\/kaiserinnen.oeaw.ac.at\/wp-content\/uploads\/2018\/02\/fwf-logo-graust-var2-300x83.jpg\" alt=\"\" width=\"300\" height=\"83\" srcset=\"https:\/\/kaiserinnen.oeaw.ac.at\/wp-content\/uploads\/2018\/02\/fwf-logo-graust-var2-300x83.jpg 300w, https:\/\/kaiserinnen.oeaw.ac.at\/wp-content\/uploads\/2018\/02\/fwf-logo-graust-var2.jpg 732w\" sizes=\"(max-width: 300px) 100vw, 300px\" \/><\/p>\n","protected":false},"excerpt":{"rendered":"<p>Verantwortlich f\u00fcr die Website: Katrin Keller, Marion Romberg Kontakt: PD Dr. Katrin Keller &#8211; Leiterin des Projektes \u2013 email: katrin.keller@oeaw.ac.at Dr. Marion Romberg &#8211; PostDoc Mitarbeiterin, verantwortlich f\u00fcr die visuellen Quellen und Presseberichterstattung \u2013 email: marion.romberg@oeaw.ac.at Website liegt auf einem Server der \u00d6sterreichischen Akademie der Wissenschaften Hollandstrasse 11+13 1020 Wien \u00d6sterreich Online seit: 1.1.2018 Disclaimer: &hellip; <a href=\"https:\/\/kaiserinnen.oeaw.ac.at\/?page_id=139\" class=\"more-link\">Continue reading <span class=\"screen-reader-text\">Impressum<\/span><\/a><\/p>\n","protected":false},"author":2,"featured_media":0,"parent":0,"menu_order":0,"comment_status":"closed","ping_status":"closed","template":"","meta":[],"_links":{"self":[{"href":"https:\/\/kaiserinnen.oeaw.ac.at\/index.php?rest_route=\/wp\/v2\/pages\/139"}],"collection":[{"href":"https:\/\/kaiserinnen.oeaw.ac.at\/index.php?rest_route=\/wp\/v2\/pages"}],"about":[{"href":"https:\/\/kaiserinnen.oeaw.ac.at\/index.php?rest_route=\/wp\/v2\/types\/page"}],"author":[{"embeddable":true,"href":"https:\/\/kaiserinnen.oeaw.ac.at\/index.php?rest_route=\/wp\/v2\/users\/2"}],"replies":[{"embeddable":true,"href":"https:\/\/kaiserinnen.oeaw.ac.at\/index.php?rest_route=%2Fwp%2Fv2%2Fcomments&post=139"}],"version-history":[{"count":7,"href":"https:\/\/kaiserinnen.oeaw.ac.at\/index.php?rest_route=\/wp\/v2\/pages\/139\/revisions"}],"predecessor-version":[{"id":797,"href":"https:\/\/kaiserinnen.oeaw.ac.at\/index.php?rest_route=\/wp\/v2\/pages\/139\/revisions\/797"}],"wp:attachment":[{"href":"https:\/\/kaiserinnen.oeaw.ac.at\/index.php?rest_route=%2Fwp%2Fv2%2Fmedia&parent=139"}],"curies":[{"name":"wp","href":"https:\/\/api.w.org\/{rel}","templated":true}]}}